{"id":4857,"date":"2022-04-28T16:11:07","date_gmt":"2022-04-28T14:11:07","guid":{"rendered":"https:\/\/gestuet-neuenhof.jam-digital.de\/hengstenstation\/faq\/"},"modified":"2024-02-17T12:56:28","modified_gmt":"2024-02-17T11:56:28","slug":"faq","status":"publish","type":"page","link":"https:\/\/www.gestuet-neuenhof.de\/nl\/hengstenstation\/faq\/","title":{"rendered":"FAQ"},"content":{"rendered":"\t\t<div data-elementor-type=\"wp-page\" data-elementor-id=\"4857\" class=\"elementor elementor-4857 elementor-609\" data-elementor-post-type=\"page\">\n\t\t\t\t\t\t<section class=\"elementor-section elementor-top-section elementor-element elementor-element-cc37a3c elementor-section-boxed elementor-section-height-default elementor-section-height-default\" data-id=\"cc37a3c\" data-element_type=\"section\" data-e-type=\"section\" data-settings=\"{&quot;jet_parallax_layout_list&quot;:[]}\">\n\t\t\t\t\t\t<div class=\"elementor-container elementor-column-gap-default\">\n\t\t\t\t\t<div class=\"elementor-column elementor-col-100 elementor-top-column elementor-element elementor-element-8d6e72b\" data-id=\"8d6e72b\" data-element_type=\"column\" data-e-type=\"column\">\n\t\t\t<div class=\"elementor-widget-wrap elementor-element-populated\">\n\t\t\t\t\t\t<div class=\"elementor-element elementor-element-9fc699b elementor-icon-list--layout-inline elementor-list-item-link-full_width elementor-widget elementor-widget-icon-list\" data-id=\"9fc699b\" data-element_type=\"widget\" data-e-type=\"widget\" data-widget_type=\"icon-list.default\">\n\t\t\t\t<div class=\"elementor-widget-container\">\n\t\t\t\t\t\t\t<ul class=\"elementor-icon-list-items elementor-inline-items\">\n\t\t\t\t\t\t\t<li class=\"elementor-icon-list-item elementor-inline-item\">\n\t\t\t\t\t\t\t\t\t\t<span class=\"elementor-icon-list-text\">Home<\/span>\n\t\t\t\t\t\t\t\t\t<\/li>\n\t\t\t\t\t\t\t\t<li class=\"elementor-icon-list-item elementor-inline-item\">\n\t\t\t\t\t\t\t\t\t\t\t<span class=\"elementor-icon-list-icon\">\n\t\t\t\t\t\t\t<i aria-hidden=\"true\" class=\"fas fa-angle-right\"><\/i>\t\t\t\t\t\t<\/span>\n\t\t\t\t\t\t\t\t\t\t<span class=\"elementor-icon-list-text\"><\/span>\n\t\t\t\t\t\t\t\t\t<\/li>\n\t\t\t\t\t\t<\/ul>\n\t\t\t\t\t\t<\/div>\n\t\t\t\t<\/div>\n\t\t\t\t\t<\/div>\n\t\t<\/div>\n\t\t\t\t\t<\/div>\n\t\t<\/section>\n\t\t\t\t<section class=\"elementor-section elementor-top-section elementor-element elementor-element-f15647c elementor-section-boxed elementor-section-height-default elementor-section-height-default\" data-id=\"f15647c\" data-element_type=\"section\" data-e-type=\"section\" data-settings=\"{&quot;jet_parallax_layout_list&quot;:[]}\">\n\t\t\t\t\t\t<div class=\"elementor-container elementor-column-gap-default\">\n\t\t\t\t\t<div class=\"elementor-column elementor-col-100 elementor-top-column elementor-element elementor-element-3779ed1\" data-id=\"3779ed1\" data-element_type=\"column\" data-e-type=\"column\">\n\t\t\t<div class=\"elementor-widget-wrap elementor-element-populated\">\n\t\t\t\t\t\t<section class=\"elementor-section elementor-inner-section elementor-element elementor-element-8c34629 elementor-section-boxed elementor-section-height-default elementor-section-height-default\" data-id=\"8c34629\" data-element_type=\"section\" data-e-type=\"section\" data-settings=\"{&quot;background_background&quot;:&quot;classic&quot;,&quot;jet_parallax_layout_list&quot;:[]}\">\n\t\t\t\t\t\t<div class=\"elementor-container elementor-column-gap-default\">\n\t\t\t\t\t<div class=\"elementor-column elementor-col-100 elementor-inner-column elementor-element elementor-element-3b3fe70\" data-id=\"3b3fe70\" data-element_type=\"column\" data-e-type=\"column\">\n\t\t\t<div class=\"elementor-widget-wrap elementor-element-populated\">\n\t\t\t\t\t\t<div class=\"elementor-element elementor-element-1dfdfb5 elementor-widget elementor-widget-heading\" data-id=\"1dfdfb5\" data-element_type=\"widget\" data-e-type=\"widget\" data-widget_type=\"heading.default\">\n\t\t\t\t<div class=\"elementor-widget-container\">\n\t\t\t\t\t<h1 class=\"elementor-heading-title elementor-size-default\">Fokken FAQ<\/h1>\t\t\t\t<\/div>\n\t\t\t\t<\/div>\n\t\t\t\t<div class=\"elementor-element elementor-element-c35a761 elementor-widget elementor-widget-heading\" data-id=\"c35a761\" data-element_type=\"widget\" data-e-type=\"widget\" data-widget_type=\"heading.default\">\n\t\t\t\t<div class=\"elementor-widget-container\">\n\t\t\t\t\t<h6 class=\"elementor-heading-title elementor-size-default\">Gedurende welke periode zijn onze hengsten beschikbaar voor de fokkerij?<\/h6>\t\t\t\t<\/div>\n\t\t\t\t<\/div>\n\t\t\t\t<div class=\"elementor-element elementor-element-41f06cc elementor-widget elementor-widget-text-editor\" data-id=\"41f06cc\" data-element_type=\"widget\" data-e-type=\"widget\" data-widget_type=\"text-editor.default\">\n\t\t\t\t<div class=\"elementor-widget-container\">\n\t\t\t\t\t\t\t\t\t<p>Het broedseizoen begint elk jaar op 1 februari en eindigt op 1 augustus. Gedurende deze tijd kunt u vers sperma en diepvriessperma van onze hengsten krijgen. Uitzonderingen kunnen zich voordoen door deelname aan toernooien of ziekte, in welk geval diepvriessperma kan worden gebruikt indien beschikbaar of een andere van onze hengsten indien gewenst.<\/p>\n\t\t\t\t\t\t\t\t<\/div>\n\t\t\t\t<\/div>\n\t\t\t\t<div class=\"elementor-element elementor-element-31228e0 elementor-widget elementor-widget-heading\" data-id=\"31228e0\" data-element_type=\"widget\" data-e-type=\"widget\" data-widget_type=\"heading.default\">\n\t\t\t\t<div class=\"elementor-widget-container\">\n\t\t\t\t\t<h6 class=\"elementor-heading-title elementor-size-default\">Wat gebeurt er als de gewenste hengst faalt?<\/h6>\t\t\t\t<\/div>\n\t\t\t\t<\/div>\n\t\t\t\t<div class=\"elementor-element elementor-element-26a4324 elementor-widget elementor-widget-text-editor\" data-id=\"26a4324\" data-element_type=\"widget\" data-e-type=\"widget\" data-widget_type=\"text-editor.default\">\n\t\t\t\t<div class=\"elementor-widget-container\">\n\t\t\t\t\t\t\t\t\t<p>Mocht een hengst tijdens het dekseizoen om bijzondere redenen (wedstrijdgebruik, ziekte, enz.) niet op korte termijn beschikbaar zijn, dan kan indien mogelijk sperma van TG worden gebruikt of op verzoek een andere hengst van dezelfde prijsklasse uit ons station. Er bestaat geen recht op terugbetaling van het inseminatietarief.<\/p>\n\t\t\t\t\t\t\t\t<\/div>\n\t\t\t\t<\/div>\n\t\t\t\t<div class=\"elementor-element elementor-element-a1dc5ef elementor-widget elementor-widget-heading\" data-id=\"a1dc5ef\" data-element_type=\"widget\" data-e-type=\"widget\" data-widget_type=\"heading.default\">\n\t\t\t\t<div class=\"elementor-widget-container\">\n\t\t\t\t\t<h6 class=\"elementor-heading-title elementor-size-default\">Wat moet er v\u00f3\u00f3r de inseminatie worden overwogen?<\/h6>\t\t\t\t<\/div>\n\t\t\t\t<\/div>\n\t\t\t\t<div class=\"elementor-element elementor-element-3d20d1b elementor-widget elementor-widget-text-editor\" data-id=\"3d20d1b\" data-element_type=\"widget\" data-e-type=\"widget\" data-widget_type=\"text-editor.default\">\n\t\t\t\t<div class=\"elementor-widget-container\">\n\t\t\t\t\t\t\t\t\t<p>Voordat uw merrie wordt ge\u00efnsemineerd, is een uitstrijkje nodig. Indien mogelijk, moet dit tijdens de hitte gebeuren. De inseminatie wordt uitgevoerd na voorafgaande controle van de follikels door een dierenarts en, indien mogelijk, door bemonstering bij de hengst. Als uw merrie verschillende keren terugkeert, wordt een nieuwe uitstrijktest sterk aanbevolen.<\/p>\n\t\t\t\t\t\t\t\t<\/div>\n\t\t\t\t<\/div>\n\t\t\t\t<div class=\"elementor-element elementor-element-806991a elementor-widget elementor-widget-heading\" data-id=\"806991a\" data-element_type=\"widget\" data-e-type=\"widget\" data-widget_type=\"heading.default\">\n\t\t\t\t<div class=\"elementor-widget-container\">\n\t\t\t\t\t<h6 class=\"elementor-heading-title elementor-size-default\">Welke informatie hebben we nodig om sperma te bestellen?<\/h6>\t\t\t\t<\/div>\n\t\t\t\t<\/div>\n\t\t\t\t<div class=\"elementor-element elementor-element-8bb78f9 elementor-widget elementor-widget-text-editor\" data-id=\"8bb78f9\" data-element_type=\"widget\" data-e-type=\"widget\" data-widget_type=\"text-editor.default\">\n\t\t\t\t<div class=\"elementor-widget-container\">\n\t\t\t\t\t\t\t\t\t<p>Voor de verzending van het sperma hebben we absoluut de volgende informatie nodig:<\/p>\n<ul>\n<li>gewenste hengst<\/li>\n<li>Naam en volledig adres van de eigenaar van de merrie<\/li>\n<li>Naam en volledig adres van de dierenarts of inseminator (wij hebben een kopie van het certificaat van de inseminator nodig).<\/li>\n<li>Verzendadres<\/li>\n<li>Gegevens over de merrie (naam, stamboom, levensnummer, leeftijd)<\/li>\n<li>Uw lidmaatschapsnummer bij de fokvereniging waar de dekking door ons moet worden geregistreerd.<\/li>\n<\/ul>\n<p>Gebruik ons bestelformulier voor sperma, dat u vindt op onze <a href=\"https:\/\/gestuet-neuenhof.de\/samenbestellung\/\">documentenpagina<\/a>.<\/p>\n\t\t\t\t\t\t\t\t<\/div>\n\t\t\t\t<\/div>\n\t\t\t\t<div class=\"elementor-element elementor-element-91a41c2 elementor-widget elementor-widget-heading\" data-id=\"91a41c2\" data-element_type=\"widget\" data-e-type=\"widget\" data-widget_type=\"heading.default\">\n\t\t\t\t<div class=\"elementor-widget-container\">\n\t\t\t\t\t<h6 class=\"elementor-heading-title elementor-size-default\">Wat zijn de deadlines\/levertijden voor bestellingen?<\/h6>\t\t\t\t<\/div>\n\t\t\t\t<\/div>\n\t\t\t\t<div class=\"elementor-element elementor-element-6a5ba5b elementor-widget elementor-widget-text-editor\" data-id=\"6a5ba5b\" data-element_type=\"widget\" data-e-type=\"widget\" data-widget_type=\"text-editor.default\">\n\t\t\t\t<div class=\"elementor-widget-container\">\n\t\t\t\t\t\t\t\t\t<p>Bestellingen voor verzending van vers sperma op dezelfde dag (NSE) moeten van maandag tot en met vrijdag v\u00f3\u00f3r 10.00 uur en op zaterdag v\u00f3\u00f3r 9.00 uur per telefoon of fax worden geplaatst. Het sperma van de hengsten kan door Hippoexpress per dagexpres in afzonderlijke gebieden van Duitsland worden geleverd. Deze bestellingen moeten de avond ervoor binnen zijn. Neem vooraf contact met ons op over de kosten.<\/p>\n<p>Gebruik ons bestelformulier voor sperma, dat u vindt op onze <a href=\"https:\/\/gestuet-neuenhof.de\/samenbestellung\/\">documentenpagina<\/a>. Wij kunnen niet verzenden op zon- en feestdagen (uitzonderingen zijn mogelijk, neem contact met ons op).<\/p>\n<p>Gebruik het NSE-geadresseerdenformulier, dat u ook op onze <a href=\"https:\/\/gestuet-neuenhof.de\/samenbestellung\/\">documentenpagina<\/a> kunt vinden, om ervoor te zorgen dat de levering van uw zending vlot verloopt.<\/p>\n\t\t\t\t\t\t\t\t<\/div>\n\t\t\t\t<\/div>\n\t\t\t\t<div class=\"elementor-element elementor-element-275494a elementor-widget elementor-widget-heading\" data-id=\"275494a\" data-element_type=\"widget\" data-e-type=\"widget\" data-widget_type=\"heading.default\">\n\t\t\t\t<div class=\"elementor-widget-container\">\n\t\t\t\t\t<h6 class=\"elementor-heading-title elementor-size-default\">Wanneer zijn welke kosten verschuldigd?<\/h6>\t\t\t\t<\/div>\n\t\t\t\t<\/div>\n\t\t\t\t<div class=\"elementor-element elementor-element-7b8affa elementor-widget elementor-widget-text-editor\" data-id=\"7b8affa\" data-element_type=\"widget\" data-e-type=\"widget\" data-widget_type=\"text-editor.default\">\n\t\t\t\t<div class=\"elementor-widget-container\">\n\t\t\t\t\t\t\t\t\t<p>Inseminatie snelheid:<br \/>Het inseminatietarief van elk van onze hengsten geldt voor de gehele duur van het dekseizoen en wordt in ieder geval aan u doorberekend. Het dekt onder meer de kosten van het winnen van sperma, de bereiding van vers sperma en de administratie. Er is geen recht op korting op het inseminatietarief. Het inseminatiepercentage is verschuldigd v\u00f3\u00f3r de eerste inseminatie van de merrie. Niet inbegrepen in het inseminatietarief zijn de kosten voor het verzenden van het sperma, de dierenarts of de pensionkosten. Bij niet-betaling van het inseminatietarief en\/of de transportkosten bestaat geen recht op hernieuwde verzending van sperma.<\/p>\n<p>Zwangerschapspercentage:<br \/>Het drachtigheidspercentage is verschuldigd na 60 dagen dracht van de merrie (relevant is de dracht op de 60e dag na de laatste inseminatie). Het bewijs van niet-zwangerschap moet door de fokker met een schriftelijk attest van de behandelende dierenarts aan Hengststation Gut Neuenhof KG worden geleverd, zonder dat daarom wordt gevraagd. Anders wordt de merrie geacht drachtig te zijn. Indien uiterlijk op de 60e dag van de zwangerschap geen veterinair bewijs van niet-zwangerschap kan worden overgelegd, wordt het zwangerschapstarief automatisch verschuldigd. Dit geldt ook voor een niet-zwangerschap dat op een latere datum wordt vastgesteld.<\/p>\n<p>Embryo transfer:<br \/>In het geval van embryotransplantatie is het volledige dekgeld verschuldigd voor elk gespoeld embryo. Indien een embryotransfer is gepland, moet dit aan ons worden meegedeeld bij de bestelling van het sperma.<\/p>\n<p>Internationale verzending:<br \/>Sperma wordt alleen naar het buitenland verzonden tegen vooruitbetaling van het totale dekgeld, de verzendkosten en de kosten voor het offici\u00eble veterinaire certificaat.<\/p>\n<p>Wanneer zijn welke kosten verschuldigd?<br \/>Wij geven korting voor het dekken van meerdere merries van \u00e9\u00e9n fokker. Maak gebruik van onze service en neem contact met ons op.<\/p>\n\t\t\t\t\t\t\t\t<\/div>\n\t\t\t\t<\/div>\n\t\t\t\t\t<\/div>\n\t\t<\/div>\n\t\t\t\t\t<\/div>\n\t\t<\/section>\n\t\t\t\t\t<\/div>\n\t\t<\/div>\n\t\t\t\t\t<\/div>\n\t\t<\/section>\n\t\t\t\t<section class=\"elementor-section elementor-top-section elementor-element elementor-element-4945234 elementor-section-boxed elementor-section-height-default elementor-section-height-default\" data-id=\"4945234\" data-element_type=\"section\" data-e-type=\"section\" data-settings=\"{&quot;jet_parallax_layout_list&quot;:[]}\">\n\t\t\t\t\t\t<div class=\"elementor-container elementor-column-gap-default\">\n\t\t\t\t\t<div class=\"elementor-column elementor-col-100 elementor-top-column elementor-element elementor-element-81adfcc\" data-id=\"81adfcc\" data-element_type=\"column\" data-e-type=\"column\">\n\t\t\t<div class=\"elementor-widget-wrap elementor-element-populated\">\n\t\t\t\t\t\t<div class=\"elementor-element elementor-element-4954650 elementor-widget elementor-widget-spacer\" data-id=\"4954650\" data-element_type=\"widget\" data-e-type=\"widget\" data-widget_type=\"spacer.default\">\n\t\t\t\t<div class=\"elementor-widget-container\">\n\t\t\t\t\t\t\t<div class=\"elementor-spacer\">\n\t\t\t<div class=\"elementor-spacer-inner\"><\/div>\n\t\t<\/div>\n\t\t\t\t\t\t<\/div>\n\t\t\t\t<\/div>\n\t\t\t\t\t<\/div>\n\t\t<\/div>\n\t\t\t\t\t<\/div>\n\t\t<\/section>\n\t\t\t\t<\/div>\n\t\t","protected":false},"excerpt":{"rendered":"<p>Home Fokken FAQ Gedurende welke periode zijn onze hengsten beschikbaar voor de fokkerij? Het broedseizoen begint elk jaar op 1 februari en eindigt op 1 augustus. Gedurende deze tijd kunt u vers sperma en diepvriessperma van onze hengsten krijgen. Uitzonderingen kunnen zich voordoen door deelname aan toernooien of ziekte, in welk geval diepvriessperma kan worden [&hellip;]<\/p>\n","protected":false},"author":1,"featured_media":0,"parent":4833,"menu_order":0,"comment_status":"closed","ping_status":"closed","template":"","meta":{"footnotes":""},"class_list":["post-4857","page","type-page","status-publish","hentry"],"_links":{"self":[{"href":"https:\/\/www.gestuet-neuenhof.de\/nl\/wp-json\/wp\/v2\/pages\/4857","targetHints":{"allow":["GET"]}}],"collection":[{"href":"https:\/\/www.gestuet-neuenhof.de\/nl\/wp-json\/wp\/v2\/pages"}],"about":[{"href":"https:\/\/www.gestuet-neuenhof.de\/nl\/wp-json\/wp\/v2\/types\/page"}],"author":[{"embeddable":true,"href":"https:\/\/www.gestuet-neuenhof.de\/nl\/wp-json\/wp\/v2\/users\/1"}],"replies":[{"embeddable":true,"href":"https:\/\/www.gestuet-neuenhof.de\/nl\/wp-json\/wp\/v2\/comments?post=4857"}],"version-history":[{"count":4,"href":"https:\/\/www.gestuet-neuenhof.de\/nl\/wp-json\/wp\/v2\/pages\/4857\/revisions"}],"predecessor-version":[{"id":9222,"href":"https:\/\/www.gestuet-neuenhof.de\/nl\/wp-json\/wp\/v2\/pages\/4857\/revisions\/9222"}],"up":[{"embeddable":true,"href":"https:\/\/www.gestuet-neuenhof.de\/nl\/wp-json\/wp\/v2\/pages\/4833"}],"wp:attachment":[{"href":"https:\/\/www.gestuet-neuenhof.de\/nl\/wp-json\/wp\/v2\/media?parent=4857"}],"curies":[{"name":"wp","href":"https:\/\/api.w.org\/{rel}","templated":true}]}}